{"id":16,"date":"2026-04-09T20:41:30","date_gmt":"2026-04-09T20:41:30","guid":{"rendered":"https:\/\/juanjesusgil.com\/?page_id=16"},"modified":"2026-04-09T21:10:45","modified_gmt":"2026-04-09T21:10:45","slug":"inicio","status":"publish","type":"page","link":"https:\/\/juanjesusgil.com\/","title":{"rendered":"Inicio"},"content":{"rendered":"<p>[et_pb_section fb_built=\u00bb1&#8243; admin_label=\u00bbsection\u00bb _builder_version=\u00bb3.22&#8243;][et_pb_row _builder_version=\u00bb4.4.8&#8243; column_structure=\u00bb1_2,1_2&#8243; hover_enabled=\u00bb0&#8243;][et_pb_column _builder_version=\u00bb4.4.8&#8243; type=\u00bb1_2&#8243;][et_pb_image src=\u00bbhttps:\/\/juanjesusgil.com\/wp-content\/uploads\/2026\/04\/Icono-web-page-blanco.png\u00bb _builder_version=\u00bb4.4.8&#8243; title_text=\u00bbIcono web page blanco\u00bb hover_enabled=\u00bb0&#8243;][\/et_pb_image][et_pb_text _builder_version=\u00bb4.4.8&#8243; hover_enabled=\u00bb0&#8243;]<\/p>\n<h5 style=\"text-align: left;\"><strong><span>Formaci\u00f3n y consultor\u00eda para convertir Microsoft e IA en productividad real<\/span><\/strong><\/h5>\n<h5 style=\"text-align: left;\"><span>M\u00e1s de 30 a\u00f1os de experiencia en IT, direcci\u00f3n tecnol\u00f3gica y transformaci\u00f3n digital al servicio de empresas que necesitan claridad, adopci\u00f3n y resultados.<\/span><\/h5>\n<p>[\/et_pb_text][\/et_pb_column][et_pb_column _builder_version=\u00bb4.4.8&#8243; type=\u00bb1_2&#8243; hover_enabled=\u00bb0&#8243;][et_pb_image src=\u00bbhttps:\/\/juanjesusgil.com\/wp-content\/uploads\/2026\/04\/ChatGPT-Image-23-mar-2026-14_27_06-200&#215;300.png\u00bb title_text=\u00bbChatGPT Image 23 mar 2026, 14_27_06&#8243; _builder_version=\u00bb4.4.8&#8243; hover_enabled=\u00bb0&#8243; align=\u00bbcenter\u00bb][\/et_pb_image][\/et_pb_column][\/et_pb_row][et_pb_row column_structure=\u00bb3_5,2_5&#8243; _builder_version=\u00bb4.4.8&#8243; custom_margin=\u00bb|407px||auto||\u00bb][et_pb_column type=\u00bb3_5&#8243; _builder_version=\u00bb4.4.8&#8243;][\/et_pb_column][et_pb_column type=\u00bb2_5&#8243; _builder_version=\u00bb4.4.8&#8243;][\/et_pb_column][\/et_pb_row][\/et_pb_section]<\/p>\n","protected":false},"excerpt":{"rendered":"<p>[et_pb_section fb_built=\u00bb1&#8243; admin_label=\u00bbsection\u00bb _builder_version=\u00bb3.22&#8243;][et_pb_row _builder_version=\u00bb4.4.8&#8243; column_structure=\u00bb1_2,1_2&#8243; hover_enabled=\u00bb0&#8243;][et_pb_column _builder_version=\u00bb4.4.8&#8243; type=\u00bb1_2&#8243;][et_pb_image src=\u00bbhttps:\/\/juanjesusgil.com\/wp-content\/uploads\/2026\/04\/Icono-web-page-blanco.png\u00bb _builder_version=\u00bb4.4.8&#8243; title_text=\u00bbIcono web page blanco\u00bb hover_enabled=\u00bb0&#8243;][\/et_pb_image][et_pb_text _builder_version=\u00bb4.4.8&#8243; hover_enabled=\u00bb0&#8243;] Formaci\u00f3n y consultor\u00eda para convertir Microsoft e IA en productividad real M\u00e1s de 30 a\u00f1os de experiencia en IT, direcci\u00f3n tecnol\u00f3gica y transformaci\u00f3n digital al servicio de empresas que necesitan claridad, adopci\u00f3n y resultados. [\/et_pb_text][\/et_pb_column][et_pb_column _builder_version=\u00bb4.4.8&#8243; type=\u00bb1_2&#8243; [&hellip;]<\/p>\n","protected":false},"author":1,"featured_media":0,"parent":0,"menu_order":0,"comment_status":"closed","ping_status":"closed","template":"","meta":{"_et_pb_use_builder":"on","_et_pb_old_content":"","_et_gb_content_width":"","footnotes":""},"class_list":["post-16","page","type-page","status-publish","hentry"],"_links":{"self":[{"href":"https:\/\/juanjesusgil.com\/index.php?rest_route=\/wp\/v2\/pages\/16","targetHints":{"allow":["GET"]}}],"collection":[{"href":"https:\/\/juanjesusgil.com\/index.php?rest_route=\/wp\/v2\/pages"}],"about":[{"href":"https:\/\/juanjesusgil.com\/index.php?rest_route=\/wp\/v2\/types\/page"}],"author":[{"embeddable":true,"href":"https:\/\/juanjesusgil.com\/index.php?rest_route=\/wp\/v2\/users\/1"}],"replies":[{"embeddable":true,"href":"https:\/\/juanjesusgil.com\/index.php?rest_route=%2Fwp%2Fv2%2Fcomments&post=16"}],"version-history":[{"count":4,"href":"https:\/\/juanjesusgil.com\/index.php?rest_route=\/wp\/v2\/pages\/16\/revisions"}],"predecessor-version":[{"id":33,"href":"https:\/\/juanjesusgil.com\/index.php?rest_route=\/wp\/v2\/pages\/16\/revisions\/33"}],"wp:attachment":[{"href":"https:\/\/juanjesusgil.com\/index.php?rest_route=%2Fwp%2Fv2%2Fmedia&parent=16"}],"curies":[{"name":"wp","href":"https:\/\/api.w.org\/{rel}","templated":true}]}}